{"id":3651,"date":"2021-07-03T09:24:23","date_gmt":"2021-07-03T09:24:23","guid":{"rendered":"https:\/\/ramonmonegal.com\/mi-cuenta"},"modified":"2023-02-07T12:50:02","modified_gmt":"2023-02-07T11:50:02","slug":"mi-cuenta","status":"publish","type":"page","link":"https:\/\/ramonmonegal.com\/es\/mi-cuenta\/","title":{"rendered":"Mi cuenta"},"content":{"rendered":"\n\n<nav>\n\t<ul>\n\t\t\t\t\t<li>\n\t\t\t\t<a href=\"https:\/\/dev.ramonmonegal.com\/es\/mi-cuenta\/\">Escritorio<\/a>\n\t\t\t<\/li>\n\t\t\t\t\t<li>\n\t\t\t\t<a href=\"https:\/\/dev.ramonmonegal.com\/es\/mi-cuenta\/orders\/\">Pedidos<\/a>\n\t\t\t<\/li>\n\t\t\t\t\t<li>\n\t\t\t\t<a href=\"https:\/\/dev.ramonmonegal.com\/es\/mi-cuenta\/edit-address\/\">Direcci\u00f3n<\/a>\n\t\t\t<\/li>\n\t\t\t\t\t<li>\n\t\t\t\t<a href=\"https:\/\/dev.ramonmonegal.com\/es\/mi-cuenta\/edit-account\/\">Detalles de la cuenta<\/a>\n\t\t\t<\/li>\n\t\t\t\t\t<li>\n\t\t\t\t<a href=\"https:\/\/dev.ramonmonegal.com\/es\/mi-cuenta\/customer-logout\/?_wpnonce=6d790caef5\">Salir<\/a>\n\t\t\t<\/li>\n\t\t\t<\/ul>\n<\/nav>\n\n\tHola <strong>cryogenica<\/strong> (\u00bfno eres <strong>cryogenica<\/strong>? <a href=\"https:\/\/dev.ramonmonegal.com\/es\/mi-cuenta\/customer-logout\/?_wpnonce=6d790caef5\">Cerrar sesi\u00f3n<\/a>)\n\n\tDesde el escritorio de tu cuenta puedes ver tus <a href=\"https:\/\/dev.ramonmonegal.com\/es\/mi-cuenta\/orders\/\">pedidos recientes<\/a>, gestionar tus <a href=\"https:\/\/dev.ramonmonegal.com\/es\/mi-cuenta\/edit-address\/\">direcciones de env\u00edo y facturaci\u00f3n<\/a> y <a href=\"https:\/\/dev.ramonmonegal.com\/es\/mi-cuenta\/edit-account\/\">editar tu contrase\u00f1a y los detalles de tu cuenta<\/a>.\n\n","protected":false},"excerpt":{"rendered":"<p>Escritorio Pedidos Direcci\u00f3n Detalles de la cuenta Salir Hola cryogenica (\u00bfno eres cryogenica? Cerrar sesi\u00f3n) Desde el escritorio de tu cuenta puedes ver tus pedidos recientes, gestionar tus direcciones de env\u00edo y facturaci\u00f3n y editar tu contrase\u00f1a y los detalles de tu cuenta.<\/p>\n","protected":false},"author":1,"featured_media":0,"parent":0,"menu_order":0,"comment_status":"closed","ping_status":"closed","template":"","meta":{"inline_featured_image":false,"site-sidebar-layout":"default","site-content-layout":"default","ast-global-header-display":"","ast-main-header-display":"","ast-hfb-above-header-display":"","ast-hfb-below-header-display":"","ast-hfb-mobile-header-display":"","site-post-title":"disabled","ast-breadcrumbs-content":"","ast-featured-img":"","footer-sml-layout":"","theme-transparent-header-meta":"default","adv-header-id-meta":"","stick-header-meta":"","header-above-stick-meta":"","header-main-stick-meta":"","header-below-stick-meta":"","footnotes":""},"class_list":["post-3651","page","type-page","status-publish","hentry"],"acf":[],"_links":{"self":[{"href":"https:\/\/ramonmonegal.com\/es\/wp-json\/wp\/v2\/pages\/3651","targetHints":{"allow":["GET"]}}],"collection":[{"href":"https:\/\/ramonmonegal.com\/es\/wp-json\/wp\/v2\/pages"}],"about":[{"href":"https:\/\/ramonmonegal.com\/es\/wp-json\/wp\/v2\/types\/page"}],"author":[{"embeddable":true,"href":"https:\/\/ramonmonegal.com\/es\/wp-json\/wp\/v2\/users\/1"}],"replies":[{"embeddable":true,"href":"https:\/\/ramonmonegal.com\/es\/wp-json\/wp\/v2\/comments?post=3651"}],"version-history":[{"count":0,"href":"https:\/\/ramonmonegal.com\/es\/wp-json\/wp\/v2\/pages\/3651\/revisions"}],"wp:attachment":[{"href":"https:\/\/ramonmonegal.com\/es\/wp-json\/wp\/v2\/media?parent=3651"}],"curies":[{"name":"wp","href":"https:\/\/api.w.org\/{rel}","templated":true}]}}