{"id":3662,"date":"2021-07-03T09:32:51","date_gmt":"2021-07-03T09:32:51","guid":{"rendered":"https:\/\/ramonmonegal.com\/autor"},"modified":"2025-09-24T10:53:41","modified_gmt":"2025-09-24T08:53:41","slug":"autor","status":"publish","type":"page","link":"https:\/\/ramonmonegal.com\/es\/autor\/","title":{"rendered":"Autor"},"content":{"rendered":"\n\n\t\t\t\t<img fetchpriority=\"high\" decoding=\"async\" src=\"https:\/\/ramonmonegal.com\/wp-content\/uploads\/2025\/09\/familia-monegal.jpg\" alt=\"familia monegal\" itemprop=\"image\" height=\"1080\" width=\"1920\" title=\"familia monegal\" onerror=\"this.style.display='none'\"  \/>\n<h2>\n\t\tPERFUME&#8230; <br \/>PRECEDE LA PRESENCIA<br \/> Y PERMANECE EN<br \/> SU AUSENCIA\n\t<\/h2>\n\t\t\t\t<img decoding=\"async\" src=\"https:\/\/dev.ramonmonegal.com\/wp-content\/uploads\/2021\/03\/RamonMonegal_Signature.png\" alt=\"RamonMonegal_Signature\" itemprop=\"image\" title=\"RamonMonegal_Signature\" onerror=\"this.style.display='none'\"  \/>\n\t\t\t\t<img decoding=\"async\" src=\"https:\/\/dev.ramonmonegal.com\/wp-content\/uploads\/2021\/03\/RAMON_1.jpg\" alt=\"RAMON_1\" itemprop=\"image\" title=\"RAMON_1\" onerror=\"this.style.display='none'\"  \/>\n\t\t\t\t<img decoding=\"async\" src=\"https:\/\/dev.ramonmonegal.com\/wp-content\/uploads\/2021\/03\/PERFUME_1.jpg\" alt=\"PERFUME_1\" itemprop=\"image\" title=\"PERFUME_1\" onerror=\"this.style.display='none'\"  \/>\n\t\t\t\t<img decoding=\"async\" src=\"https:\/\/dev.ramonmonegal.com\/wp-content\/uploads\/2021\/03\/FLOR.png\" alt=\"FLOR\" itemprop=\"image\" title=\"FLOR\" onerror=\"this.style.display='none'\"  \/>\n\t\t\t\t<img decoding=\"async\" src=\"https:\/\/dev.ramonmonegal.com\/wp-content\/uploads\/2021\/03\/SELLO_100.png\" alt=\"SELLO_100\" itemprop=\"image\" title=\"SELLO_100\" onerror=\"this.style.display='none'\"  \/>\n\t\t\t\t<img decoding=\"async\" src=\"https:\/\/dev.ramonmonegal.com\/wp-content\/uploads\/2021\/03\/FABRICA.jpg\" alt=\"FABRICA\" itemprop=\"image\" title=\"FABRICA\" onerror=\"this.style.display='none'\"  \/>\n\t\t\t<h2>GUARDIANES DEL PERFUME DESDE 1916<\/h2>\n\t\t\t<p>Ramon Monegal es la 4\u00aa generaci\u00f3n de la familia Monegal, fundadores de Myrurgia, que desde hace m\u00e1s de 100 a\u00f1os imagina y crea perfumes, un hito hist\u00f3rico en el mundo del perfume y un modelo a seguir que merece ser celebrado.<\/p>\t\t\n\t\t\t\t<img decoding=\"async\" src=\"https:\/\/dev.ramonmonegal.com\/wp-content\/uploads\/2021\/03\/MYRURGIA.png\" alt=\"MYRURGIA\" itemprop=\"image\" title=\"MYRURGIA\" onerror=\"this.style.display='none'\"  \/>\n<h2>\n\t\tGeneraciones\n\t<\/h2>\n\t\t\t\t<img decoding=\"async\" src=\"https:\/\/dev.ramonmonegal.com\/wp-content\/uploads\/2021\/03\/ANTEPASADO_1.jpg\" alt=\"ANTEPASADO_1\" itemprop=\"image\" title=\"ANTEPASADO_1\" onerror=\"this.style.display='none'\"  \/>\n\t<p>Ram\u00f3n Monegal Nogu\u00e9s<\/p>\n\t<p>Esteve Monegal<\/p>\n\t\t\t\t<img decoding=\"async\" src=\"https:\/\/dev.ramonmonegal.com\/wp-content\/uploads\/2021\/03\/ANTEPASADO_2.jpg\" alt=\"ANTEPASADO_2\" itemprop=\"image\" title=\"ANTEPASADO_2\" onerror=\"this.style.display='none'\"  \/>\n\t\t\t\t<img decoding=\"async\" src=\"https:\/\/dev.ramonmonegal.com\/wp-content\/uploads\/2021\/03\/ANTEPASADO_3.jpg\" alt=\"ANTEPASADO_3\" itemprop=\"image\" title=\"ANTEPASADO_3\" onerror=\"this.style.display='none'\"  \/>\n\t<p>Esteve Monegal Bofill<\/p>\n\t<p>Ramon Monegal<\/p>\n\t\t\t\t<img decoding=\"async\" src=\"https:\/\/dev.ramonmonegal.com\/wp-content\/uploads\/2021\/03\/ANTEPASADO_4.jpg\" alt=\"ANTEPASADO_4\" itemprop=\"image\" title=\"ANTEPASADO_4\" onerror=\"this.style.display='none'\"  \/>\n\t\t\t\t<img decoding=\"async\" src=\"https:\/\/ramonmonegal.com\/wp-content\/uploads\/2025\/09\/gemeracion-monegal.jpg\" alt=\"gemeracion monegal\" itemprop=\"image\" height=\"871\" width=\"1059\" title=\"gemeracion monegal\" onerror=\"this.style.display='none'\"  \/>\n\tOscar Monegal<br \/>\nLaura Monegal<br \/>\nHector Monegal\n<h2>\n\t\tARTE Y PASI\u00d3N<br \/> DESDE 1916\n\t<\/h2>\n\tCreamos perfumes, arte,<br \/>\nestilo, singularidad<br \/>\ny vivimos nuestra profesi\u00f3n &#8230; con pasi\u00f3n\n\t\t\t\t<img decoding=\"async\" src=\"https:\/\/dev.ramonmonegal.com\/wp-content\/uploads\/2021\/03\/ESTAMPADO.jpg\" alt=\"ESTAMPADO\" itemprop=\"image\" title=\"ESTAMPADO\" onerror=\"this.style.display='none'\"  \/>\n\t\t\t\t<img decoding=\"async\" src=\"https:\/\/dev.ramonmonegal.com\/wp-content\/uploads\/2021\/03\/PERFUME_3.jpg\" alt=\"PERFUME_3\" itemprop=\"image\" title=\"PERFUME_3\" onerror=\"this.style.display='none'\"  \/>\n\t\t\t\t<img decoding=\"async\" src=\"https:\/\/dev.ramonmonegal.com\/wp-content\/uploads\/2021\/03\/PERFUME_2.jpg\" alt=\"PERFUME_2\" itemprop=\"image\" title=\"PERFUME_2\" onerror=\"this.style.display='none'\"  \/>\n\t\t\t\t<img decoding=\"async\" src=\"https:\/\/dev.ramonmonegal.com\/wp-content\/uploads\/2021\/03\/MAJA.jpg\" alt=\"MAJA\" itemprop=\"image\" title=\"MAJA\" onerror=\"this.style.display='none'\"  \/>\n<h2>\n\t\tAlma<br \/>Mediterr\u00e1nea \n\t<\/h2>\n\t<p>Compongo en Barcelona a orillas del Mediterr\u00e1neo, origen fundamental en la cultura europea y cuna del perfume y el dise\u00f1o moderno en Espa\u00f1a.<\/p>\nBarcelona es mi puerto de refugio y<br \/>\nmi paseo mediterr\u00e1neo entre r\u00edos.\n\t\t\t\t<img decoding=\"async\" src=\"https:\/\/dev.ramonmonegal.com\/wp-content\/uploads\/2021\/03\/MEDITERRANEO.jpg\" alt=\"MEDITERRANEO\" itemprop=\"image\" title=\"MEDITERRANEO\" onerror=\"this.style.display='none'\"  \/>\n\t\t\t\t<img decoding=\"async\" src=\"https:\/\/dev.ramonmonegal.com\/wp-content\/uploads\/2021\/03\/SELLO_BCN.png\" alt=\"SELLO_BCN\" itemprop=\"image\" title=\"SELLO_BCN\" onerror=\"this.style.display='none'\"  \/>\n\t\t\t\t<img decoding=\"async\" src=\"https:\/\/dev.ramonmonegal.com\/wp-content\/uploads\/2021\/03\/INGREDIENTE_1.jpg\" alt=\"INGREDIENTE_1\" itemprop=\"image\" title=\"INGREDIENTE_1\" onerror=\"this.style.display='none'\"  \/>\n<h2>\n\t\tMateria\n\t<\/h2>\n\t\t\t\t<img decoding=\"async\" src=\"https:\/\/dev.ramonmonegal.com\/wp-content\/uploads\/2021\/03\/RAW.jpg\" alt=\"RAW\" itemprop=\"image\" title=\"RAW\" onerror=\"this.style.display='none'\"  \/>\n\t\t\t\t<img decoding=\"async\" src=\"https:\/\/dev.ramonmonegal.com\/wp-content\/uploads\/2021\/03\/flor-1.png\" alt=\"flor\" itemprop=\"image\" title=\"flor\" onerror=\"this.style.display='none'\"  \/>\n\t\t\t\t<img decoding=\"async\" src=\"https:\/\/dev.ramonmonegal.com\/wp-content\/uploads\/2021\/03\/SELLO_PERFUMISTA.png\" alt=\"SELLO_PERFUMISTA\" itemprop=\"image\" title=\"SELLO_PERFUMISTA\" onerror=\"this.style.display='none'\"  \/>\n\t<p>Adem\u00e1s de componer perfumes, los verdaderos \u00abnez\u00bb est\u00e1n especialmente entrenados para seleccionar aquellos ingredientes que alcancen el nivel de excelencia por su valor.<\/p>\n\t\t\t\t<img decoding=\"async\" src=\"https:\/\/dev.ramonmonegal.com\/wp-content\/uploads\/2021\/03\/bravo-1.png\" alt=\"bravo\" itemprop=\"image\" title=\"bravo\" onerror=\"this.style.display='none'\"  \/>\n<h2>\n\t\tEl<br \/> Tintero\n\t<\/h2>\n\t<p>Aparte de la naturaleza, mi principal fuente de inspiraci\u00f3n es la literatura. Puedo convertir palabras en notas, frases en acordes, historias en composiciones y la tinta en un perfume imaginario.<\/p>\n\t\t\t\t<img decoding=\"async\" src=\"https:\/\/dev.ramonmonegal.com\/wp-content\/uploads\/2021\/03\/TINTERO.jpg\" alt=\"TINTERO\" itemprop=\"image\" title=\"TINTERO\" onerror=\"this.style.display='none'\"  \/>\n\t\t\t\t<img decoding=\"async\" src=\"https:\/\/ramonmonegal.com\/wp-content\/plugins\/bb-plugin\/img\/pixel.png\" alt=\"\" itemprop=\"image\" onerror=\"this.style.display='none'\"  \/>\n\n","protected":false},"excerpt":{"rendered":"<p>PERFUME&#8230; PRECEDE LA PRESENCIA Y PERMANECE EN SU AUSENCIA GUARDIANES DEL PERFUME DESDE 1916 Ramon Monegal es la 4\u00aa generaci\u00f3n de la familia Monegal, fundadores de Myrurgia, que desde hace m\u00e1s de 100 a\u00f1os imagina y crea perfumes, un hito hist\u00f3rico en el mundo del perfume y un modelo a seguir que merece ser celebrado. &hellip;<\/p>\n<p class=\"read-more\"> <a class=\"\" href=\"https:\/\/ramonmonegal.com\/es\/autor\/\"> <span class=\"screen-reader-text\">Autor<\/span> Read More &raquo;<\/a><\/p>\n","protected":false},"author":1,"featured_media":0,"parent":0,"menu_order":0,"comment_status":"closed","ping_status":"closed","template":"","meta":{"inline_featured_image":false,"site-sidebar-layout":"no-sidebar","site-content-layout":"page-builder","ast-global-header-display":"","ast-main-header-display":"","ast-hfb-above-header-display":"","ast-hfb-below-header-display":"","ast-hfb-mobile-header-display":"","site-post-title":"disabled","ast-breadcrumbs-content":"","ast-featured-img":"disabled","footer-sml-layout":"","theme-transparent-header-meta":"default","adv-header-id-meta":"","stick-header-meta":"","header-above-stick-meta":"","header-main-stick-meta":"","header-below-stick-meta":"","footnotes":""},"class_list":["post-3662","page","type-page","status-publish","hentry"],"acf":[],"_links":{"self":[{"href":"https:\/\/ramonmonegal.com\/es\/wp-json\/wp\/v2\/pages\/3662","targetHints":{"allow":["GET"]}}],"collection":[{"href":"https:\/\/ramonmonegal.com\/es\/wp-json\/wp\/v2\/pages"}],"about":[{"href":"https:\/\/ramonmonegal.com\/es\/wp-json\/wp\/v2\/types\/page"}],"author":[{"embeddable":true,"href":"https:\/\/ramonmonegal.com\/es\/wp-json\/wp\/v2\/users\/1"}],"replies":[{"embeddable":true,"href":"https:\/\/ramonmonegal.com\/es\/wp-json\/wp\/v2\/comments?post=3662"}],"version-history":[{"count":1,"href":"https:\/\/ramonmonegal.com\/es\/wp-json\/wp\/v2\/pages\/3662\/revisions"}],"predecessor-version":[{"id":894605,"href":"https:\/\/ramonmonegal.com\/es\/wp-json\/wp\/v2\/pages\/3662\/revisions\/894605"}],"wp:attachment":[{"href":"https:\/\/ramonmonegal.com\/es\/wp-json\/wp\/v2\/media?parent=3662"}],"curies":[{"name":"wp","href":"https:\/\/api.w.org\/{rel}","templated":true}]}}