{"id":3669,"date":"2021-07-03T09:47:49","date_gmt":"2021-07-03T09:47:49","guid":{"rendered":"https:\/\/ramonmonegal.com\/sentencia-legal"},"modified":"2022-09-28T13:31:59","modified_gmt":"2022-09-28T13:31:59","slug":"aviso-legal","status":"publish","type":"page","link":"https:\/\/ramonmonegal.com\/es\/aviso-legal\/","title":{"rendered":"Aviso legal"},"content":{"rendered":"\n\n\t<p>Este sitio web es propiedad de MONEGAL PERFUMES SL con NIF n\u00ba B64774318 y con domicilio C \/ BUIGAS, 27-29 4\u00ba 08017 Barcelona (BARCELONA) e inscrita en el Registro Mercantil de Barcelona en el Tomo 40.234, Folio 42, Hoja B &#8211; 360.202 , Inscripci\u00f3n 5\u00aa.<\/p>\n<p>Todas las consultas o propuestas deben enviarse a:<a href=\"mailto:info@ramonmonegal.com\"> info@ramonmonegal.com<\/a><\/p>\n<p>Este sitio web se ajusta a la ley que rige exclusivamente en Espa\u00f1a y est\u00e1n sujetos a ella tanto los usuarios nacionales como internacionales.<\/p>\n<p>El USUARIO podr\u00e1 acceder a nuestro sitio web de forma gratuita en el entendido de haber le\u00eddo y comprendido las CONDICIONES GENERALES DE USO vigentes en el momento del acceso que le recomendamos que lea. El USUARIO, cuando utiliza nuestro sitio web, sus contenidos y servicios, acepta y acepta expresamente las condiciones generales de uso. Si el usuario no est\u00e1 de acuerdo con las condiciones de uso vigentes deber\u00e1 abstenerse de utilizar este sitio web.<\/p>\n<p>Podremos en cualquier momento cambiar unilateralmente y sin previo aviso la presentaci\u00f3n y configuraci\u00f3n de nuestro sitio web, ampliar o reducir servicios e incluso eliminarlo de la red, as\u00ed como los servicios y contenidos ofrecidos.<\/p>\n<h6>A. PROPIEDAD INTELECTUAL<\/h6>\n<p>Todos los contenidos, textos, im\u00e1genes, marcas y c\u00f3digos fuente son de nuestra propiedad o pertenecen a terceros que han adquirido el derecho a explotarlos y est\u00e1n protegidos por los derechos de propiedad intelectual e industrial.<\/p>\n<p>El usuario \u00fanicamente tiene derecho al uso privado de los mismos, sin \u00e1nimo de lucro, debiendo disponer de autorizaci\u00f3n expresa para modificarlos, reproducirlos, explotarlos o distribuirlos o ejercitar cualquier derecho que corresponda a su titular.<\/p>\n<h6>B. CONDICIONES DE ACCESO<\/h6>\n<p>El acceso a nuestro sitio web es gratuito y no se requiere registro ni suscripci\u00f3n.<\/p>\n<p>El suministro de datos personales implica la aceptaci\u00f3n expresa de nuestra pol\u00edtica de privacidad por parte del USUARIO.<\/p>\n<p>El usuario debe acceder a nuestro sitio web de buena fe y de conformidad con las normas de orden p\u00fablico y las presentes Condiciones Generales de uso. El acceso a nuestro sitio web es responsabilidad exclusiva del usuario y ser\u00e1 responsable de cualquier da\u00f1o o perjuicio que nos cause a nosotros oa terceros.<\/p>\n<p>Teniendo en cuenta la imposibilidad de controlar la informaci\u00f3n, contenidos y servicios contenidos en otros sitios web a los que se pueda acceder a trav\u00e9s de enlaces en nuestro sitio web, nos eximimos de cualquier responsabilidad por cualquier da\u00f1o o perjuicio causado al usuario por el acceso a estas p\u00e1ginas.<\/p>\n<h6>C. POL\u00cdTICA DE PRIVACIDAD<\/h6>\n<p>La confidencialidad y la seguridad son valores primordiales para MONEGAL PERFUMES SL y, en consecuencia, nos comprometemos a garantizar la privacidad del Usuario en todo momento y a no recabar informaci\u00f3n innecesaria. A continuaci\u00f3n se muestra toda la informaci\u00f3n necesaria sobre nuestra pol\u00edtica de privacidad en relaci\u00f3n con los datos personales que recopilamos:<\/p>\n<ul>\n<li>Qui\u00e9n es el responsable de la gesti\u00f3n de sus datos.<\/li>\n<li>\u00bfPara qu\u00e9 damos los datos que le pedimos que nos facilite?<\/li>\n<li>\u00bfC\u00f3mo se legitima su uso?<\/li>\n<li>\u00bfCu\u00e1nto tiempo lo guardamos?<\/li>\n<li>A qui\u00e9n enviamos sus datos.<\/li>\n<li>Cuales son sus derechos.<\/li>\n<\/ul>\n<p><strong>1. RESPONSABLE: ver arriba.<\/strong><\/p>\n<p><strong>2. FINALIDAD, LEGITIMIZACI\u00d3N Y ALMACENAMIENTO de los datos enviados a trav\u00e9s de: <\/strong><\/p>\n<ul>\n<li>Formulario de contacto:<br \/>\nFinalidad: Facilitarle un medio de contacto con nosotros y facilitarle la informaci\u00f3n solicitada, as\u00ed como enviarle informaci\u00f3n sobre nuestros productos, servicios y actividades a trav\u00e9s de medios electr\u00f3nicos (correo electr\u00f3nico, SMS, Whatsapp) si marca la casilla de aceptaci\u00f3n. El consentimiento del usuario para solicitar informaci\u00f3n a trav\u00e9s de nuestro formulario de contacto y marcando la casilla aceptando el env\u00edo de informaci\u00f3n.Almacenamiento: Una vez resuelta la solicitud a trav\u00e9s de nuestro formulario o contestada por correo electr\u00f3nico, si no surge nada nuevo de la misma y en el caso de haber acordado a mensajes comerciales, hasta que el usuario solicite darse de baja.<\/li>\n<li>Mandando correos electr\u00f3nicos:<br \/>\nFinalidad: Dar respuesta a solicitudes de informaci\u00f3n y dar respuesta a consultas o dudas. En el caso de recibir su Curriculum Vitae, sus datos personales y curr\u00edculum podr\u00e1n formar parte de nuestra base de datos para poder participar en nuestro proceso de selecci\u00f3n actual o futuro Legitimaci\u00f3n: El consentimiento del usuario para solicitar informaci\u00f3n a trav\u00e9s de la direcci\u00f3n de correo electr\u00f3nico o enviarnos datos y CV para poder participar en nuestro proceso de selecci\u00f3n.Almacenamiento: Una vez resuelta la solicitud a trav\u00e9s de nuestro formulario o contestada por correo electr\u00f3nico, si no surge nada nuevo del mismo. En el caso de recibir su CV, sus datos podr\u00e1n conservarse durante un m\u00e1ximo de un a\u00f1o para futuros procesos de selecci\u00f3n.<\/li>\n<\/ul>\n<p><strong>Obligaci\u00f3n de facilitarnos datos personales y las consecuencias de no hacerlo.<\/strong><\/p>\n<p>Para suministrar datos personales es necesario ser mayor de 14 a\u00f1os o tener capacidad legal para celebrar un contrato.<\/p>\n<p>Los datos personales solicitados son necesarios para poder gestionar tus consultas, darte de alta como usuario y \/ o prestarte los servicios que puedas solicitar y si no los facilitas no podremos atenderte correctamente ni ofrecerte el servicio solicitado. . En cualquier caso, nos reservamos el derecho a decidir sobre la incorporaci\u00f3n o no de sus datos personales y dem\u00e1s informaci\u00f3n en nuestra base de datos.<\/p>\n<p><strong>3. A QUI\u00c9N SE ENVIAN SUS DATOS.<\/strong><\/p>\n<p>Sus datos son confidenciales y no ser\u00e1n cedidos a terceros salvo que exista obligaci\u00f3n legal de hacerlo.<\/p>\n<p><strong>4. DERECHOS EN RELACI\u00d3N CON SUS DATOS PERSONALES. <\/strong><\/p>\n<p>Cualquier persona tiene derecho a retirar su consentimiento en cualquier momento en el que ellos mismos hayan facilitado sus datos. En ning\u00fan caso la retirada del consentimiento afectar\u00e1 a la ejecuci\u00f3n de la suscripci\u00f3n contratada ni a las relaciones previamente generadas.<\/p>\n<p>Igualmente, podr\u00e1n ejercitar los siguientes derechos:<\/p>\n<ul>\n<li>Solicitar acceso a sus datos personales para corregirlos cuando sean incorrectos.<\/li>\n<li>Solicitar su supresi\u00f3n cuando, entre otros motivos, los datos ya no sean necesarios para la finalidad para la que fueron recabados.<\/li>\n<li>Solicitar l\u00edmites a su tratamiento en determinadas circunstancias.<\/li>\n<li>Oponerse al uso de sus datos por motivos relacionados con su situaci\u00f3n personal<\/li>\n<li>Solicitar la portabilidad de sus datos en los casos previstos en la normativa.<\/li>\n<li>Otros derechos reconocidos en la normativa aplicable.<\/li>\n<\/ul>\n<p>D\u00f3nde y c\u00f3mo solicitar sus derechos: Por escrito a la persona \/ entidad responsable a su direcci\u00f3n postal o de correo electr\u00f3nico (indicada en el Anexo A), indicando la referencia \u00abdatos personales\u00bb y especificando el derecho que desea ejercer respecto a ellos.<\/p>\nEn caso de discrepancias con la empresa sobre el uso de sus datos puede realizar una reclamaci\u00f3n a trav\u00e9s de la Agencia de Protecci\u00f3n de Datos<br \/>\n(<a href=\"https:\/\/www.aepd.es\/\"> www.agpd.es<\/a> ).\n<p><strong>5. SEGURIDAD DE SUS DATOS PERSONALES <\/strong><\/p>\n<p>Con el fin de salvaguardar sus datos personales hemos adoptado todos los medios t\u00e9cnicos y organizativos posibles para garantizar la seguridad de sus datos personales frente a su alteraci\u00f3n, p\u00e9rdida o acceso o uso no autorizado.<\/p>\n<p><strong>6. ACTUALIZAR SUS DATOS<\/strong><\/p>\n<p>Es importante que, para que podamos mantener actualizados los datos personales, nos informe de cualquier cambio y, en caso contrario, no podemos responsabilizarnos de su veracidad.<\/p>\nNo somos responsables de la pol\u00edtica de privacidad con respecto a los datos personales de terceros que puedan estar vinculados a nuestro sitio web.<br \/>\nLa Pol\u00edtica de Privacidad actual puede ser modificada de acuerdo con los cambios en nuestro sitio web o en la ley que rige los datos personales y por este motivo le recomendamos que lea la pol\u00edtica cada vez que proporcione estos datos a trav\u00e9s de nuestro sitio web.\n<h6>D. RESPONSABILIDADES <\/h6>\n<p>Al poner nuestro sitio web a disposici\u00f3n del usuario queremos ofrecer un servicio de calidad en el \u00e1mbito de las tecnolog\u00edas utilizadas. Sin embargo, no somos responsables de ning\u00fan virus u otro elemento que pueda da\u00f1ar el sistema inform\u00e1tico del usuario.<\/p>\nNo podemos garantizar un servicio ininterrumpido.<br \/>\nEl USUARIO tiene prohibido realizar cualquier acci\u00f3n que pueda sobrecargar nuestros sistemas de informaci\u00f3n o provocar su mal funcionamiento, como la introducci\u00f3n de virus, robots o software que alteren el funcionamiento de nuestro sitio web o puedan da\u00f1ar nuestros sistemas de informaci\u00f3n.\n<p>El USUARIO es responsable del uso de nuestro sitio web. <\/p>\n<p>El USUARIO acepta haber comprendido toda la informaci\u00f3n relativa al uso de nuestro sitio web y acepta que es suficiente para excluir el error y por tanto la acepta de forma expresa y en su totalidad. <\/p>\n\n","protected":false},"excerpt":{"rendered":"<p>Este sitio web es propiedad de MONEGAL PERFUMES SL con NIF n\u00ba B64774318 y con domicilio C \/ BUIGAS, 27-29 4\u00ba 08017 Barcelona (BARCELONA) e inscrita en el Registro Mercantil de Barcelona en el Tomo 40.234, Folio 42, Hoja B &#8211; 360.202 , Inscripci\u00f3n 5\u00aa. Todas las consultas o propuestas deben enviarse a: info@ramonmonegal.com Este &hellip;<\/p>\n<p class=\"read-more\"> <a class=\"\" href=\"https:\/\/ramonmonegal.com\/es\/aviso-legal\/\"> <span class=\"screen-reader-text\">Aviso legal<\/span> Read More &raquo;<\/a><\/p>\n","protected":false},"author":1,"featured_media":0,"parent":0,"menu_order":0,"comment_status":"closed","ping_status":"closed","template":"","meta":{"inline_featured_image":false,"site-sidebar-layout":"default","site-content-layout":"default","ast-global-header-display":"","ast-main-header-display":"","ast-hfb-above-header-display":"","ast-hfb-below-header-display":"","ast-hfb-mobile-header-display":"","site-post-title":"disabled","ast-breadcrumbs-content":"","ast-featured-img":"","footer-sml-layout":"","theme-transparent-header-meta":"default","adv-header-id-meta":"","stick-header-meta":"","header-above-stick-meta":"","header-main-stick-meta":"","header-below-stick-meta":"","footnotes":""},"class_list":["post-3669","page","type-page","status-publish","hentry"],"acf":[],"_links":{"self":[{"href":"https:\/\/ramonmonegal.com\/es\/wp-json\/wp\/v2\/pages\/3669","targetHints":{"allow":["GET"]}}],"collection":[{"href":"https:\/\/ramonmonegal.com\/es\/wp-json\/wp\/v2\/pages"}],"about":[{"href":"https:\/\/ramonmonegal.com\/es\/wp-json\/wp\/v2\/types\/page"}],"author":[{"embeddable":true,"href":"https:\/\/ramonmonegal.com\/es\/wp-json\/wp\/v2\/users\/1"}],"replies":[{"embeddable":true,"href":"https:\/\/ramonmonegal.com\/es\/wp-json\/wp\/v2\/comments?post=3669"}],"version-history":[{"count":0,"href":"https:\/\/ramonmonegal.com\/es\/wp-json\/wp\/v2\/pages\/3669\/revisions"}],"wp:attachment":[{"href":"https:\/\/ramonmonegal.com\/es\/wp-json\/wp\/v2\/media?parent=3669"}],"curies":[{"name":"wp","href":"https:\/\/api.w.org\/{rel}","templated":true}]}}