{"id":3671,"date":"2021-07-03T09:48:33","date_gmt":"2021-07-03T09:48:33","guid":{"rendered":"https:\/\/ramonmonegal.com\/metodo-de-pago"},"modified":"2022-09-28T13:31:53","modified_gmt":"2022-09-28T13:31:53","slug":"metodo-de-pago","status":"publish","type":"page","link":"https:\/\/ramonmonegal.com\/es\/metodo-de-pago\/","title":{"rendered":"M\u00e9todo de pago"},"content":{"rendered":"\n\n\t\t\t<h6>\u00bfQu\u00e9 m\u00e9todo de pago puedo utilizar para realizar mi compra?<\/h6>\n\t\t\t<p>Ofrecemos los siguientes m\u00e9todos de pago: Visa, Visa electron, Mastercard, American Express, Affinity Card.<\/p>\t\t\n\t\t\t<h6>\u00bfPor qu\u00e9 podr\u00edan rechazar mi tarjeta de cr\u00e9dito?<\/h6>\n\t\t\t<p>Su tarjeta de cr\u00e9dito puede ser rechazada por cualquiera de las siguientes razones:<\/p><ul><li>Es posible que la tarjeta haya caducado. Verifique que su tarjeta a\u00fan sea v\u00e1lida.<\/li><li>Es posible que haya alcanzado su l\u00edmite de cr\u00e9dito. P\u00f3ngase en contacto con su banco para comprobar que no ha superado el l\u00edmite de compra autorizado.<\/li><li>Es posible que haya ingresado alguna informaci\u00f3n de manera incorrecta. Compruebe que ha completado todos los campos obligatorios correctamente.<\/li><\/ul>\t\t\n\t\t\t<h6>\u00bfPuedo incluir los datos de mi empresa en mi factura?<\/h6>\n\t\t\t<p>Si. Simplemente env\u00ede un correo electr\u00f3nico a shop@ramonmonegal.com.<\/p>\t\t\n\t\t\t<h6>\u00bfEs seguro utilizar mi tarjeta de cr\u00e9dito en el sitio web?<\/h6>\n\t\t\t<p>S\u00ed, los datos se transmiten mediante cifrado SSL. Para pagos con tarjetas de cr\u00e9dito y d\u00e9bito, debe ingresar el CVV (Valor de verificaci\u00f3n de la tarjeta), un c\u00f3digo impreso en la tarjeta que sirve como medida de seguridad durante las transacciones de comercio electr\u00f3nico.<\/p>\t\t\n\n","protected":false},"excerpt":{"rendered":"<p>\u00bfQu\u00e9 m\u00e9todo de pago puedo utilizar para realizar mi compra? Ofrecemos los siguientes m\u00e9todos de pago: Visa, Visa electron, Mastercard, American Express, Affinity Card. \u00bfPor qu\u00e9 podr\u00edan rechazar mi tarjeta de cr\u00e9dito? Su tarjeta de cr\u00e9dito puede ser rechazada por cualquiera de las siguientes razones: Es posible que la tarjeta haya caducado. Verifique que su &hellip;<\/p>\n<p class=\"read-more\"> <a class=\"\" href=\"https:\/\/ramonmonegal.com\/es\/metodo-de-pago\/\"> <span class=\"screen-reader-text\">M\u00e9todo de pago<\/span> Read More &raquo;<\/a><\/p>\n","protected":false},"author":1,"featured_media":0,"parent":0,"menu_order":0,"comment_status":"closed","ping_status":"closed","template":"","meta":{"inline_featured_image":false,"site-sidebar-layout":"default","site-content-layout":"default","ast-global-header-display":"","ast-main-header-display":"","ast-hfb-above-header-display":"","ast-hfb-below-header-display":"","ast-hfb-mobile-header-display":"","site-post-title":"disabled","ast-breadcrumbs-content":"","ast-featured-img":"","footer-sml-layout":"","theme-transparent-header-meta":"default","adv-header-id-meta":"","stick-header-meta":"","header-above-stick-meta":"","header-main-stick-meta":"","header-below-stick-meta":"","footnotes":""},"class_list":["post-3671","page","type-page","status-publish","hentry"],"acf":[],"_links":{"self":[{"href":"https:\/\/ramonmonegal.com\/es\/wp-json\/wp\/v2\/pages\/3671","targetHints":{"allow":["GET"]}}],"collection":[{"href":"https:\/\/ramonmonegal.com\/es\/wp-json\/wp\/v2\/pages"}],"about":[{"href":"https:\/\/ramonmonegal.com\/es\/wp-json\/wp\/v2\/types\/page"}],"author":[{"embeddable":true,"href":"https:\/\/ramonmonegal.com\/es\/wp-json\/wp\/v2\/users\/1"}],"replies":[{"embeddable":true,"href":"https:\/\/ramonmonegal.com\/es\/wp-json\/wp\/v2\/comments?post=3671"}],"version-history":[{"count":0,"href":"https:\/\/ramonmonegal.com\/es\/wp-json\/wp\/v2\/pages\/3671\/revisions"}],"wp:attachment":[{"href":"https:\/\/ramonmonegal.com\/es\/wp-json\/wp\/v2\/media?parent=3671"}],"curies":[{"name":"wp","href":"https:\/\/api.w.org\/{rel}","templated":true}]}}