{"id":3673,"date":"2021-07-03T09:48:47","date_gmt":"2021-07-03T09:48:47","guid":{"rendered":"https:\/\/ramonmonegal.com\/devoluciones-cambios"},"modified":"2022-09-28T13:32:23","modified_gmt":"2022-09-28T13:32:23","slug":"devoluciones-cambios","status":"publish","type":"page","link":"https:\/\/ramonmonegal.com\/es\/devoluciones-cambios\/","title":{"rendered":"Devoluciones \/ Cambios"},"content":{"rendered":"\n\n\t\t\t<h6>\u00bfExiste alg\u00fan cargo por solicitar un cambio o devoluci\u00f3n?<\/h6>\n\t\t\t<p>Los cambios y devoluciones son siempre gratuitos, utilizando nuestros m\u00e9todos de devoluci\u00f3n.<\/p>\t\t\n\t\t\t<h6>\u00bfCu\u00e1nto tiempo tengo para realizar un cambio o devoluci\u00f3n?<\/h6>\n\t\t\t<p>Todas las devoluciones o cambios deben realizarse en el plazo de 1 mes desde el correo electr\u00f3nico que confirma el env\u00edo.<br \/>Ramonmonegal.com se reserva el derecho a rechazar devoluciones enviadas o comunicadas m\u00e1s all\u00e1 del plazo l\u00edmite de devoluci\u00f3n, o art\u00edculos que no se encuentren en las mismas condiciones en las que fueron recibidos. <\/p>\t\t\n\t\t\t<h6>\u00bfC\u00f3mo puedo realizar un cambio o devoluci\u00f3n?<\/h6>\n\t\t\t<p>Env\u00ede un correo electr\u00f3nico a shop@ramonmenegal.com<br \/>Inicio: Enviaremos un mensajero para que recoja su devoluci\u00f3n en la direcci\u00f3n que seleccione.<br \/>Punto de entrega: Te enviaremos una etiqueta para que lleves los art\u00edculos que desees devolver a la oficina de Correos.<\/p>\t\t\n\t\t\t<h6>\u00bfPuedo quedarme con el art\u00edculo original despu\u00e9s de haber solicitado un cambio?<\/h6>\n\t\t\t<p>Si. Si no hemos procesado la colecci\u00f3n.<\/p>\t\t\n\t\t\t<h6>\u00bfPuedo cambiar o devolver alg\u00fan art\u00edculo?<\/h6>\n\t\t\t<p>S\u00ed, siempre que est\u00e9 en perfecto estado y tenga todas sus etiquetas.<\/p>\t\t\n\t\t\t<h6>\u00bfCu\u00e1ndo recibir\u00e9 el reembolso de mi devoluci\u00f3n?<\/h6>\n\t\t\t<p>Recibir\u00e1 el reembolso en el mismo m\u00e9todo de pago utilizado para la compra dentro de aproximadamente 10-14 d\u00edas, dependiendo de su banco.<\/p>\t\t\n\n","protected":false},"excerpt":{"rendered":"<p>\u00bfExiste alg\u00fan cargo por solicitar un cambio o devoluci\u00f3n? Los cambios y devoluciones son siempre gratuitos, utilizando nuestros m\u00e9todos de devoluci\u00f3n. \u00bfCu\u00e1nto tiempo tengo para realizar un cambio o devoluci\u00f3n? Todas las devoluciones o cambios deben realizarse en el plazo de 1 mes desde el correo electr\u00f3nico que confirma el env\u00edo.Ramonmonegal.com se reserva el derecho &hellip;<\/p>\n<p class=\"read-more\"> <a class=\"\" href=\"https:\/\/ramonmonegal.com\/es\/devoluciones-cambios\/\"> <span class=\"screen-reader-text\">Devoluciones \/ Cambios<\/span> Read More &raquo;<\/a><\/p>\n","protected":false},"author":1,"featured_media":0,"parent":0,"menu_order":0,"comment_status":"closed","ping_status":"closed","template":"","meta":{"inline_featured_image":false,"site-sidebar-layout":"default","site-content-layout":"default","ast-global-header-display":"","ast-main-header-display":"","ast-hfb-above-header-display":"","ast-hfb-below-header-display":"","ast-hfb-mobile-header-display":"","site-post-title":"disabled","ast-breadcrumbs-content":"","ast-featured-img":"","footer-sml-layout":"","theme-transparent-header-meta":"default","adv-header-id-meta":"","stick-header-meta":"","header-above-stick-meta":"","header-main-stick-meta":"","header-below-stick-meta":"","footnotes":""},"class_list":["post-3673","page","type-page","status-publish","hentry"],"acf":[],"_links":{"self":[{"href":"https:\/\/ramonmonegal.com\/es\/wp-json\/wp\/v2\/pages\/3673","targetHints":{"allow":["GET"]}}],"collection":[{"href":"https:\/\/ramonmonegal.com\/es\/wp-json\/wp\/v2\/pages"}],"about":[{"href":"https:\/\/ramonmonegal.com\/es\/wp-json\/wp\/v2\/types\/page"}],"author":[{"embeddable":true,"href":"https:\/\/ramonmonegal.com\/es\/wp-json\/wp\/v2\/users\/1"}],"replies":[{"embeddable":true,"href":"https:\/\/ramonmonegal.com\/es\/wp-json\/wp\/v2\/comments?post=3673"}],"version-history":[{"count":0,"href":"https:\/\/ramonmonegal.com\/es\/wp-json\/wp\/v2\/pages\/3673\/revisions"}],"wp:attachment":[{"href":"https:\/\/ramonmonegal.com\/es\/wp-json\/wp\/v2\/media?parent=3673"}],"curies":[{"name":"wp","href":"https:\/\/api.w.org\/{rel}","templated":true}]}}