{"id":3675,"date":"2021-07-03T09:49:01","date_gmt":"2021-07-03T09:49:01","guid":{"rendered":"https:\/\/ramonmonegal.com\/transporte"},"modified":"2022-09-28T13:31:37","modified_gmt":"2022-09-28T13:31:37","slug":"transporte","status":"publish","type":"page","link":"https:\/\/ramonmonegal.com\/es\/transporte\/","title":{"rendered":"Transporte"},"content":{"rendered":"\n\n\t\t\t<h6>\u00bfD\u00f3nde puedo recibir mi pedido? <\/h6>\n\t\t\t<p>Puede enviarse a una direcci\u00f3n que usted elija (casa, trabajo, etc.). <\/p>\t\t\n\t\t\t<h6>\u00bfCu\u00e1nto tardar\u00e1 en llegar mi pedido?<\/h6>\n\t\t\t<p>Los plazos de entrega dependen del tipo de env\u00edo seleccionado y del pa\u00eds.<\/p>\t\t\n\t\t\t<h6>\u00bfCu\u00e1nto pago por el servicio de entrega?<\/h6>\n\t\t\t<p>Al procesar su compra le mostraremos los m\u00e9todos de env\u00edo disponibles para este pedido y le indicaremos los costos de env\u00edo.<\/p>\t\t\n\t\t\t<h6>\u00bfPuedo rastrear mi pedido?<\/h6>\n\t\t\t<p>S\u00ed, le enviaremos un n\u00famero de seguimiento.<\/p>\t\t\n\n","protected":false},"excerpt":{"rendered":"<p>\u00bfD\u00f3nde puedo recibir mi pedido? Puede enviarse a una direcci\u00f3n que usted elija (casa, trabajo, etc.). \u00bfCu\u00e1nto tardar\u00e1 en llegar mi pedido? Los plazos de entrega dependen del tipo de env\u00edo seleccionado y del pa\u00eds. \u00bfCu\u00e1nto pago por el servicio de entrega? Al procesar su compra le mostraremos los m\u00e9todos de env\u00edo disponibles para este &hellip;<\/p>\n<p class=\"read-more\"> <a class=\"\" href=\"https:\/\/ramonmonegal.com\/es\/transporte\/\"> <span class=\"screen-reader-text\">Transporte<\/span> Read More &raquo;<\/a><\/p>\n","protected":false},"author":1,"featured_media":0,"parent":0,"menu_order":0,"comment_status":"closed","ping_status":"closed","template":"","meta":{"inline_featured_image":false,"site-sidebar-layout":"default","site-content-layout":"default","ast-global-header-display":"","ast-main-header-display":"","ast-hfb-above-header-display":"","ast-hfb-below-header-display":"","ast-hfb-mobile-header-display":"","site-post-title":"disabled","ast-breadcrumbs-content":"","ast-featured-img":"","footer-sml-layout":"","theme-transparent-header-meta":"default","adv-header-id-meta":"","stick-header-meta":"","header-above-stick-meta":"","header-main-stick-meta":"","header-below-stick-meta":"","footnotes":""},"class_list":["post-3675","page","type-page","status-publish","hentry"],"acf":[],"_links":{"self":[{"href":"https:\/\/ramonmonegal.com\/es\/wp-json\/wp\/v2\/pages\/3675","targetHints":{"allow":["GET"]}}],"collection":[{"href":"https:\/\/ramonmonegal.com\/es\/wp-json\/wp\/v2\/pages"}],"about":[{"href":"https:\/\/ramonmonegal.com\/es\/wp-json\/wp\/v2\/types\/page"}],"author":[{"embeddable":true,"href":"https:\/\/ramonmonegal.com\/es\/wp-json\/wp\/v2\/users\/1"}],"replies":[{"embeddable":true,"href":"https:\/\/ramonmonegal.com\/es\/wp-json\/wp\/v2\/comments?post=3675"}],"version-history":[{"count":0,"href":"https:\/\/ramonmonegal.com\/es\/wp-json\/wp\/v2\/pages\/3675\/revisions"}],"wp:attachment":[{"href":"https:\/\/ramonmonegal.com\/es\/wp-json\/wp\/v2\/media?parent=3675"}],"curies":[{"name":"wp","href":"https:\/\/api.w.org\/{rel}","templated":true}]}}