{"id":3679,"date":"2021-07-03T09:49:33","date_gmt":"2021-07-03T09:49:33","guid":{"rendered":"https:\/\/ramonmonegal.com\/politica-de-privacidad"},"modified":"2022-09-28T13:31:46","modified_gmt":"2022-09-28T13:31:46","slug":"politica-de-privacidad","status":"publish","type":"page","link":"https:\/\/ramonmonegal.com\/es\/politica-de-privacidad\/","title":{"rendered":"Pol\u00edtica de privacidad"},"content":{"rendered":"\n\n\t<p><strong>1. Aviso legal e informaci\u00f3n<\/strong><\/p>\n<p>El presente Aviso Legal regula el uso del servicio del sitio web titularidad de Monegal Perfumes SL con domicilio social en Buigas 27-29 4\u00ba &#8211; 08017 Barcelona (Espa\u00f1a) a nombre de Monegal Perfumes SL con CIF: B64774318 y que se pone a disposici\u00f3n de internet usuarios.<\/p>\n<p>La utilizaci\u00f3n del sitio web atribuye la condici\u00f3n de usuario del sitio web (en adelante \u00abusuario\u00bb) e implica la aceptaci\u00f3n plena y sin reservas de todas y cada una de las disposiciones contenidas en esta pol\u00edtica de privacidad desde el momento en que el usuario accede al sitio web.<\/p>\n<p>En consecuencia, el usuario debe leer atentamente este texto cada vez que decida consultar la web ya que los contenidos pueden sufrir algunas modificaciones. <\/p>\n<p><strong>2. Asunto<\/strong><\/p>\n<p>Este sitio web, propiedad de Monegal Perfumes SL, ha sido creado y dise\u00f1ado para publicar los productos y servicios de la entidad y permitir el acceso general a todos los usuarios de Internet. <\/p>\n<p>El acceso y \/ o uso del sitio web atribuye al visitante la condici\u00f3n de usuario e implica su aceptaci\u00f3n, sin reservas de ning\u00fan tipo, de todas y cada una de las presentes condiciones generales, as\u00ed como cualesquiera otras condiciones particulares que, en su caso, puede requerir el uso del Portal o de los servicios.<\/p>\n<p>En este sentido, Monegal Perfumes SL se reserva el derecho, en cualquier momento y sin previo aviso, a realizar cualquier modificaci\u00f3n o actualizaci\u00f3n de los contenidos y servicios, de las vigentes reglas de acceso y, en general, de cualquiera de los elementos que integran el dise\u00f1o y configuraci\u00f3n de su sitio web.<\/p>\n<p><strong>3. Condiciones de acceso a la web<\/strong><\/p>\n3.1 Naturaleza del uso del sitio web<br \/>\nEl objetivo del sitio web es establecer un canal de comunicaci\u00f3n entre la empresa y sus clientes o interesados a trav\u00e9s de Internet. Sin embargo, no se solicitan ni recopilan datos personales con un alto nivel de seguridad.\n3.2 Informaci\u00f3n veraz<br \/>\nExiste una direcci\u00f3n de correo electr\u00f3nico a disposici\u00f3n de los usuarios a trav\u00e9s de la cual pueden enviar su CV. En todo caso, el usuario ser\u00e1 el \u00fanico responsable de las manifestaciones falsas o inexactas que realice. \n<strong>4. Uso del sitio web<\/strong><br \/>\nEl usuario se compromete a utilizar el sitio web de conformidad con la Ley Org\u00e1nica 15\/1999 de 13 de diciembre, el Real Decreto 1720\/2007 de 21 de diciembre, la Ley 34\/2002 de 11 de julio y el resto de la legislaci\u00f3n complementaria, as\u00ed como la moral generalmente aceptada. , buenas pr\u00e1cticas y orden p\u00fablico.\n<p>El usuario se compromete a no utilizar la informaci\u00f3n sobre las actividades o servicios que el sitio web pone a su disposici\u00f3n para la realizaci\u00f3n de actividades contrarias a la ley, la moral o el orden p\u00fablico y, en general, a hacer un uso de la misma en cualquier forma contraria a estas. condiciones generales.<\/p>\n<p>A tal efecto, el usuario se abstendr\u00e1 de utilizar cualquiera de los contenidos del sitio web con fines o efectos il\u00edcitos, prohibidos en este texto, que puedan lesionar los derechos e intereses de terceros, o que de cualquier forma puedan da\u00f1ar, menoscabar. o impedir el uso normal de los contenidos de otros usuarios o de cualquier otro usuario de Internet (hardware y software).<\/p>\n<p>El usuario deber\u00e1 responder de los da\u00f1os y perjuicios de toda naturaleza que el titular del sitio web de Monegal Perfumes SL pueda sufrir, directa o indirectamente, como consecuencia de cualquier incumplimiento de las obligaciones derivadas del uso del sitio web y de esta pol\u00edtica de privacidad.<\/p>\n<p>En particular, y a t\u00edtulo meramente indicativo y no exhaustivo, el usuario se compromete a no transmitir, distribuir o poner a disposici\u00f3n de terceros informaci\u00f3n, datos, contenidos, mensajes, gr\u00e1ficos, dibujos, archivos de sonido y \/ o fotograf\u00edas o im\u00e1genes de el sitio web.<\/p>\n<p><strong>5. Uso del c\u00f3digo fuente<\/strong><\/p>\n<p>El c\u00f3digo fuente, dise\u00f1os gr\u00e1ficos, im\u00e1genes, fotograf\u00edas, animaciones, el programa, textos, informaci\u00f3n y contenidos incluidos en el sitio web se encuentran protegidos por la Legislaci\u00f3n Espa\u00f1ola y no se permite la reproducci\u00f3n total o parcial del portal, ni se utilizar\u00e1 en ning\u00fan caso. Sistemas inform\u00e1ticos, sin previa autorizaci\u00f3n por escrito de sus propietarios.<\/p>\n<p><strong>6. Contenidos del sitio web<\/strong><\/p>\n<p>Los contenidos del sitio web son puestos a disposici\u00f3n del usuario por Monegal Perfumes SL, como informaci\u00f3n propia, o en su caso, de terceros. De esta forma Monegal Perfumes SL tomar\u00e1 todos los medios razonables a su alcance para asegurar que los contenidos incluidos en el sitio web sean precisos y est\u00e9n actualizados.<\/p>\n<p>El usuario se compromete a utilizar los contenidos puestos a disposici\u00f3n en el sitio web, entendiendo que esta lista incluye, a t\u00edtulo enunciativo pero no limitativo, textos, fotograf\u00edas, gr\u00e1ficos, im\u00e1genes, iconos, tecnolog\u00eda, el programa, enlaces y dem\u00e1s contenidos audiovisuales o sonoros, as\u00ed como su dise\u00f1o gr\u00e1fico y c\u00f3digos fuente, de conformidad con la ley, esta pol\u00edtica de privacidad y dem\u00e1s avisos legales, normas de uso y documentos que se les den a conocer, as\u00ed como la moral, las buenas costumbres y el orden p\u00fablico generalmente aceptados. Por tanto, queda estrictamente prohibido su uso con fines comerciales, as\u00ed como su distribuci\u00f3n, as\u00ed como su modificaci\u00f3n o alteraci\u00f3n.<\/p>\n<p><strong>7. Enlaces<\/strong><\/p>\n<p>Dentro de sus contenidos, el sitio web puede incluir enlaces a sitios propiedad y \/ o gestionados por terceros, disponibles a trav\u00e9s de Internet.<\/p>\n<p>El sitio web no asume ninguna responsabilidad por la existencia de enlaces a contenido externo a este sitio. El prop\u00f3sito de estos enlaces o referencias no implica el soporte, aprobaci\u00f3n, marketing o cualquier relaci\u00f3n entre el sitio web y las personas o entidades responsables de los sitios en los que puedan estar ubicados.<\/p>\n<p><strong>8. Protecci\u00f3n de datos<\/strong><\/p>\n<p>Con respecto a la legislaci\u00f3n en materia de protecci\u00f3n de datos personales, Monegal Perfumes SL informa al usuario de la existencia de ficheros automatizados de datos personales creados por la empresa y de su responsabilidad al respecto con la finalidad de llevar a cabo el mantenimiento y gesti\u00f3n de la relaci\u00f3n contractual. con sus clientes, quienes, conforme a lo establecido en este reglamento, tienen la posibilidad de ejercitar los derechos de acceso, rectificaci\u00f3n, cancelaci\u00f3n y oposici\u00f3n, dirigi\u00e9ndose por escrito a Monegal Perfumes SL, con domicilio social en Buigas 27-29 4\u00ba &#8211; 08017 Barcelona (Espa\u00f1a), aportando fotocopia de su DNI (DNI) o documentaci\u00f3n alternativa que acredite su identidad.<\/p>\n<p> Monegal Perfumes SL podr\u00e1 recibir informaci\u00f3n personal para la gesti\u00f3n de solicitudes de empleo a trav\u00e9s de su direcci\u00f3n de correo electr\u00f3nico. En caso necesario, la empresa se compromete a cumplir con su obligaci\u00f3n de confidencialidad respecto a los datos personales, su deber de salvaguardarlos y destruirlos, adoptando las medidas de seguridad que impone la legislaci\u00f3n vigente para evitar su alteraci\u00f3n, p\u00e9rdida, tratamiento o acceso no autorizado. <\/p>\n<p>El usuario que facilita sus datos personales mediante el env\u00edo de un correo electr\u00f3nico con su curriculum vitae otorga a Monegal Perfumes SL el consentimiento para recibir comunicaciones, que siempre est\u00e1n relacionadas con los servicios de la empresa. Si no desea recibir ninguna de estas comunicaciones puede comunicarlo escribiendo a la direcci\u00f3n indicada en el p\u00e1rrafo 1 de esta cl\u00e1usula, por escrito, incluyendo la fecha y firma original.<\/p>\n\n","protected":false},"excerpt":{"rendered":"<p>1. Aviso legal e informaci\u00f3n El presente Aviso Legal regula el uso del servicio del sitio web titularidad de Monegal Perfumes SL con domicilio social en Buigas 27-29 4\u00ba &#8211; 08017 Barcelona (Espa\u00f1a) a nombre de Monegal Perfumes SL con CIF: B64774318 y que se pone a disposici\u00f3n de internet usuarios. La utilizaci\u00f3n del sitio &hellip;<\/p>\n<p class=\"read-more\"> <a class=\"\" href=\"https:\/\/ramonmonegal.com\/es\/politica-de-privacidad\/\"> <span class=\"screen-reader-text\">Pol\u00edtica de privacidad<\/span> Read More &raquo;<\/a><\/p>\n","protected":false},"author":1,"featured_media":0,"parent":0,"menu_order":0,"comment_status":"closed","ping_status":"open","template":"","meta":{"inline_featured_image":false,"site-sidebar-layout":"no-sidebar","site-content-layout":"page-builder","ast-global-header-display":"","ast-main-header-display":"","ast-hfb-above-header-display":"","ast-hfb-below-header-display":"","ast-hfb-mobile-header-display":"","site-post-title":"disabled","ast-breadcrumbs-content":"","ast-featured-img":"disabled","footer-sml-layout":"","theme-transparent-header-meta":"default","adv-header-id-meta":"","stick-header-meta":"","header-above-stick-meta":"","header-main-stick-meta":"","header-below-stick-meta":"","footnotes":""},"class_list":["post-3679","page","type-page","status-publish","hentry"],"acf":[],"_links":{"self":[{"href":"https:\/\/ramonmonegal.com\/es\/wp-json\/wp\/v2\/pages\/3679","targetHints":{"allow":["GET"]}}],"collection":[{"href":"https:\/\/ramonmonegal.com\/es\/wp-json\/wp\/v2\/pages"}],"about":[{"href":"https:\/\/ramonmonegal.com\/es\/wp-json\/wp\/v2\/types\/page"}],"author":[{"embeddable":true,"href":"https:\/\/ramonmonegal.com\/es\/wp-json\/wp\/v2\/users\/1"}],"replies":[{"embeddable":true,"href":"https:\/\/ramonmonegal.com\/es\/wp-json\/wp\/v2\/comments?post=3679"}],"version-history":[{"count":0,"href":"https:\/\/ramonmonegal.com\/es\/wp-json\/wp\/v2\/pages\/3679\/revisions"}],"wp:attachment":[{"href":"https:\/\/ramonmonegal.com\/es\/wp-json\/wp\/v2\/media?parent=3679"}],"curies":[{"name":"wp","href":"https:\/\/api.w.org\/{rel}","templated":true}]}}