{"id":892584,"date":"2024-11-22T11:25:59","date_gmt":"2024-11-22T10:25:59","guid":{"rendered":"https:\/\/ramonmonegal.com\/atmosferas\/"},"modified":"2024-11-22T12:34:05","modified_gmt":"2024-11-22T11:34:05","slug":"atmosferas","status":"publish","type":"page","link":"https:\/\/ramonmonegal.com\/es\/atmosferas\/","title":{"rendered":"Atm\u00f3sferas"},"content":{"rendered":"\n\n\t\t\t\t<img fetchpriority=\"high\" decoding=\"async\" src=\"https:\/\/ramonmonegal.com\/wp-content\/uploads\/2024\/11\/HomeAmbiente_Photo.jpg\" alt=\"HomeAmbiente_Photo\" itemprop=\"image\" height=\"1554\" width=\"1920\" title=\"HomeAmbiente_Photo\" onerror=\"this.style.display='none'\"  \/>\n\t\t\t\t<img decoding=\"async\" src=\"https:\/\/ramonmonegal.com\/wp-content\/uploads\/2024\/11\/romb.png\" alt=\"romb\" itemprop=\"image\" height=\"26\" width=\"129\" title=\"romb\" onerror=\"this.style.display='none'\"  \/>\n\tNuestro espacio transmite<br \/>\nnuestra personalidad<br \/>\ny nuestras emociones.<br \/>\nSentir un aroma es<br \/>\nuna experiencia que<br \/>\ngenera satisfacci\u00f3n<br \/>\ny produce un estado de<br \/>\nbienestar emocional.<br \/>\nCrear la atm\u00f3sfera<br \/>\nadecuada cautivar\u00e1<br \/>\ny har\u00e1 memorable<br \/>\nla emoci\u00f3n olfativa<br \/>\nque transmitimos.\n\t\t\t\t<img decoding=\"async\" src=\"https:\/\/ramonmonegal.com\/wp-content\/uploads\/2024\/11\/ramon-monegal-firma.png\" alt=\"ramon-monegal-firma\" itemprop=\"image\" height=\"149\" width=\"353\" title=\"ramon-monegal-firma\" onerror=\"this.style.display='none'\"  \/>\n\n","protected":false},"excerpt":{"rendered":"<p>Nuestro espacio transmite nuestra personalidad y nuestras emociones. Sentir un aroma es una experiencia que genera satisfacci\u00f3n y produce un estado de bienestar emocional. Crear la atm\u00f3sfera adecuada cautivar\u00e1 y har\u00e1 memorable la emoci\u00f3n olfativa que transmitimos.<\/p>\n","protected":false},"author":2238,"featured_media":0,"parent":0,"menu_order":0,"comment_status":"closed","ping_status":"closed","template":"","meta":{"inline_featured_image":false,"site-sidebar-layout":"no-sidebar","site-content-layout":"page-builder","ast-global-header-display":"","ast-main-header-display":"","ast-hfb-above-header-display":"","ast-hfb-below-header-display":"","ast-hfb-mobile-header-display":"","site-post-title":"disabled","ast-breadcrumbs-content":"","ast-featured-img":"disabled","footer-sml-layout":"","theme-transparent-header-meta":"default","adv-header-id-meta":"","stick-header-meta":"","header-above-stick-meta":"","header-main-stick-meta":"","header-below-stick-meta":"","footnotes":""},"class_list":["post-892584","page","type-page","status-publish","hentry"],"acf":[],"_links":{"self":[{"href":"https:\/\/ramonmonegal.com\/es\/wp-json\/wp\/v2\/pages\/892584","targetHints":{"allow":["GET"]}}],"collection":[{"href":"https:\/\/ramonmonegal.com\/es\/wp-json\/wp\/v2\/pages"}],"about":[{"href":"https:\/\/ramonmonegal.com\/es\/wp-json\/wp\/v2\/types\/page"}],"author":[{"embeddable":true,"href":"https:\/\/ramonmonegal.com\/es\/wp-json\/wp\/v2\/users\/2238"}],"replies":[{"embeddable":true,"href":"https:\/\/ramonmonegal.com\/es\/wp-json\/wp\/v2\/comments?post=892584"}],"version-history":[{"count":3,"href":"https:\/\/ramonmonegal.com\/es\/wp-json\/wp\/v2\/pages\/892584\/revisions"}],"predecessor-version":[{"id":892618,"href":"https:\/\/ramonmonegal.com\/es\/wp-json\/wp\/v2\/pages\/892584\/revisions\/892618"}],"wp:attachment":[{"href":"https:\/\/ramonmonegal.com\/es\/wp-json\/wp\/v2\/media?parent=892584"}],"curies":[{"name":"wp","href":"https:\/\/api.w.org\/{rel}","templated":true}]}}